{"id":16983,"date":"2022-09-01T22:41:20","date_gmt":"2022-09-01T22:41:20","guid":{"rendered":"https:\/\/prev.mipedacitodeti.com\/?post_type=product&#038;p=16983"},"modified":"2022-09-01T22:49:04","modified_gmt":"2022-09-01T22:49:04","slug":"pulsera-de-corazon","status":"publish","type":"product","link":"https:\/\/prev.mipedacitodeti.com\/?product=pulsera-de-corazon","title":{"rendered":"Pulsera de coraz\u00f3n"},"content":{"rendered":"<p>Pulsera en plata de primera ley con leche materna e inicial, tambien se puede a\u00f1adir pelito y cord\u00f3n umbilical<\/p>\n","protected":false},"excerpt":{"rendered":"<p>Pulsera en plata de primera ley con leche materna e inicial, tambien se puede a\u00f1adir pelito y cord\u00f3n umbilical<\/p>\n","protected":false},"featured_media":17060,"comment_status":"open","ping_status":"closed","template":"","meta":[],"product_cat":[99,105],"product_tag":[],"class_list":{"0":"post-16983","1":"product","2":"type-product","3":"status-publish","4":"has-post-thumbnail","6":"product_cat-joyas-de-leche-materna","7":"product_cat-pulseras-maternales","10":"instock","11":"taxable","12":"shipping-taxable","13":"purchasable","14":"product-type-simple"},"jetpack_sharing_enabled":true,"_links":{"self":[{"href":"https:\/\/prev.mipedacitodeti.com\/index.php?rest_route=\/wp\/v2\/product\/16983","targetHints":{"allow":["GET"]}}],"collection":[{"href":"https:\/\/prev.mipedacitodeti.com\/index.php?rest_route=\/wp\/v2\/product"}],"about":[{"href":"https:\/\/prev.mipedacitodeti.com\/index.php?rest_route=\/wp\/v2\/types\/product"}],"replies":[{"embeddable":true,"href":"https:\/\/prev.mipedacitodeti.com\/index.php?rest_route=%2Fwp%2Fv2%2Fcomments&post=16983"}],"wp:featuredmedia":[{"embeddable":true,"href":"https:\/\/prev.mipedacitodeti.com\/index.php?rest_route=\/wp\/v2\/media\/17060"}],"wp:attachment":[{"href":"https:\/\/prev.mipedacitodeti.com\/index.php?rest_route=%2Fwp%2Fv2%2Fmedia&parent=16983"}],"wp:term":[{"taxonomy":"product_cat","embeddable":true,"href":"https:\/\/prev.mipedacitodeti.com\/index.php?rest_route=%2Fwp%2Fv2%2Fproduct_cat&post=16983"},{"taxonomy":"product_tag","embeddable":true,"href":"https:\/\/prev.mipedacitodeti.com\/index.php?rest_route=%2Fwp%2Fv2%2Fproduct_tag&post=16983"}],"curies":[{"name":"wp","href":"https:\/\/api.w.org\/{rel}","templated":true}]}}