{"id":16995,"date":"2022-09-01T22:42:25","date_gmt":"2022-09-01T22:42:25","guid":{"rendered":"https:\/\/prev.mipedacitodeti.com\/?post_type=product&#038;p=16995"},"modified":"2022-09-01T22:49:59","modified_gmt":"2022-09-01T22:49:59","slug":"charm-corazon-facetado-mini","status":"publish","type":"product","link":"https:\/\/prev.mipedacitodeti.com\/?product=charm-corazon-facetado-mini","title":{"rendered":"Charm coraz\u00f3n facetado mini"},"content":{"rendered":"<p>Charm de coraz\u00f3n facetado, es un poco m\u00e1s peque\u00f1o que el liso pero aun as\u00ed entra cualquier muestra. Puede ser de dientes, pelito, cord\u00f3n umbilical y cenizas de cremaci\u00f3n<\/p>\n","protected":false},"excerpt":{"rendered":"<p>Charm de coraz\u00f3n facetado, es un poco m\u00e1s peque\u00f1o que el liso pero aun as\u00ed entra cualquier muestra. Puede ser de dientes, pelito, cord\u00f3n umbilical y cenizas de cremaci\u00f3n<\/p>\n","protected":false},"featured_media":17066,"comment_status":"open","ping_status":"closed","template":"","meta":[],"product_cat":[113,112],"product_tag":[],"class_list":{"0":"post-16995","1":"product","2":"type-product","3":"status-publish","4":"has-post-thumbnail","6":"product_cat-charms-pandora","7":"product_cat-joyas-especiales","10":"instock","11":"taxable","12":"shipping-taxable","13":"purchasable","14":"product-type-simple"},"jetpack_sharing_enabled":true,"_links":{"self":[{"href":"https:\/\/prev.mipedacitodeti.com\/index.php?rest_route=\/wp\/v2\/product\/16995","targetHints":{"allow":["GET"]}}],"collection":[{"href":"https:\/\/prev.mipedacitodeti.com\/index.php?rest_route=\/wp\/v2\/product"}],"about":[{"href":"https:\/\/prev.mipedacitodeti.com\/index.php?rest_route=\/wp\/v2\/types\/product"}],"replies":[{"embeddable":true,"href":"https:\/\/prev.mipedacitodeti.com\/index.php?rest_route=%2Fwp%2Fv2%2Fcomments&post=16995"}],"wp:featuredmedia":[{"embeddable":true,"href":"https:\/\/prev.mipedacitodeti.com\/index.php?rest_route=\/wp\/v2\/media\/17066"}],"wp:attachment":[{"href":"https:\/\/prev.mipedacitodeti.com\/index.php?rest_route=%2Fwp%2Fv2%2Fmedia&parent=16995"}],"wp:term":[{"taxonomy":"product_cat","embeddable":true,"href":"https:\/\/prev.mipedacitodeti.com\/index.php?rest_route=%2Fwp%2Fv2%2Fproduct_cat&post=16995"},{"taxonomy":"product_tag","embeddable":true,"href":"https:\/\/prev.mipedacitodeti.com\/index.php?rest_route=%2Fwp%2Fv2%2Fproduct_tag&post=16995"}],"curies":[{"name":"wp","href":"https:\/\/api.w.org\/{rel}","templated":true}]}}