{"id":17008,"date":"2022-09-01T22:43:33","date_gmt":"2022-09-01T22:43:33","guid":{"rendered":"https:\/\/prev.mipedacitodeti.com\/?post_type=product&#038;p=17008"},"modified":"2022-09-01T22:56:16","modified_gmt":"2022-09-01T22:56:16","slug":"charm-l","status":"publish","type":"product","link":"https:\/\/prev.mipedacitodeti.com\/?product=charm-l","title":{"rendered":"Charm L"},"content":{"rendered":"<p>Charm tama\u00f1o grande compatible con Pandora y tambi\u00e9n puede llevarse en colgante. Puede llevar cenizas de cremaci\u00f3n, leche materna, pelito y cord\u00f3n umbilical.<\/p>\n","protected":false},"excerpt":{"rendered":"<p>Charm tama\u00f1o grande compatible con Pandora y tambi\u00e9n puede llevarse en colgante. Puede llevar cenizas de cremaci\u00f3n, leche materna, pelito y cord\u00f3n umbilical.<\/p>\n","protected":false},"featured_media":17074,"comment_status":"open","ping_status":"closed","template":"","meta":[],"product_cat":[113,114],"product_tag":[],"class_list":{"0":"post-17008","1":"product","2":"type-product","3":"status-publish","4":"has-post-thumbnail","6":"product_cat-charms-pandora","7":"product_cat-joyas-de-cenizas","10":"instock","11":"taxable","12":"shipping-taxable","13":"purchasable","14":"product-type-simple"},"jetpack_sharing_enabled":true,"_links":{"self":[{"href":"https:\/\/prev.mipedacitodeti.com\/index.php?rest_route=\/wp\/v2\/product\/17008","targetHints":{"allow":["GET"]}}],"collection":[{"href":"https:\/\/prev.mipedacitodeti.com\/index.php?rest_route=\/wp\/v2\/product"}],"about":[{"href":"https:\/\/prev.mipedacitodeti.com\/index.php?rest_route=\/wp\/v2\/types\/product"}],"replies":[{"embeddable":true,"href":"https:\/\/prev.mipedacitodeti.com\/index.php?rest_route=%2Fwp%2Fv2%2Fcomments&post=17008"}],"wp:featuredmedia":[{"embeddable":true,"href":"https:\/\/prev.mipedacitodeti.com\/index.php?rest_route=\/wp\/v2\/media\/17074"}],"wp:attachment":[{"href":"https:\/\/prev.mipedacitodeti.com\/index.php?rest_route=%2Fwp%2Fv2%2Fmedia&parent=17008"}],"wp:term":[{"taxonomy":"product_cat","embeddable":true,"href":"https:\/\/prev.mipedacitodeti.com\/index.php?rest_route=%2Fwp%2Fv2%2Fproduct_cat&post=17008"},{"taxonomy":"product_tag","embeddable":true,"href":"https:\/\/prev.mipedacitodeti.com\/index.php?rest_route=%2Fwp%2Fv2%2Fproduct_tag&post=17008"}],"curies":[{"name":"wp","href":"https:\/\/api.w.org\/{rel}","templated":true}]}}